{"id":5837,"date":"2025-01-12T19:29:18","date_gmt":"2025-01-12T18:29:18","guid":{"rendered":"https:\/\/apg.environnement-preprod.xyz\/?page_id=5837"},"modified":"2025-03-24T12:17:21","modified_gmt":"2025-03-24T11:17:21","slug":"amplificateurs","status":"publish","type":"page","link":"https:\/\/apg.environnement-preprod.xyz\/en\/nos-produits\/amplificateurs\/","title":{"rendered":"Amplifiers"},"content":{"rendered":"<div data-elementor-type=\"wp-page\" data-elementor-id=\"5837\" class=\"elementor elementor-5837\" data-elementor-post-type=\"page\">\n\t\t\t\t\t\t<section class=\"elementor-section elementor-top-section elementor-element elementor-element-f4ed23e elementor-section-height-min-height elementor-section-boxed elementor-section-height-default elementor-section-items-middle\" data-id=\"f4ed23e\" data-element_type=\"section\" data-settings=\"{&quot;background_background&quot;:&quot;classic&quot;}\">\n\t\t\t\t\t\t\t<div class=\"elementor-background-overlay\"><\/div>\n\t\t\t\t\t\t\t<div class=\"elementor-container elementor-column-gap-default\">\n\t\t\t\t\t<div class=\"elementor-column elementor-col-100 elementor-top-column elementor-element elementor-element-d7d5770\" data-id=\"d7d5770\" data-element_type=\"column\">\n\t\t\t<div class=\"elementor-widget-wrap elementor-element-populated\">\n\t\t\t\t\t\t<div class=\"elementor-element elementor-element-d19867e elementor-widget elementor-widget-spacer\" data-id=\"d19867e\" data-element_type=\"widget\" data-widget_type=\"spacer.default\">\n\t\t\t\t<div class=\"elementor-widget-container\">\n\t\t\t\t\t\t\t<div class=\"elementor-spacer\">\n\t\t\t<div class=\"elementor-spacer-inner\"><\/div>\n\t\t<\/div>\n\t\t\t\t\t\t<\/div>\n\t\t\t\t<\/div>\n\t\t\t\t<div class=\"elementor-element elementor-element-4c2ec09 elementor-widget elementor-widget-heading\" data-id=\"4c2ec09\" data-element_type=\"widget\" data-widget_type=\"heading.default\">\n\t\t\t\t<div class=\"elementor-widget-container\">\n\t\t\t\t\t<h2 class=\"elementor-heading-title elementor-size-default\">Amplifiers<\/h2>\t\t\t\t<\/div>\n\t\t\t\t<\/div>\n\t\t\t\t<div class=\"elementor-element elementor-element-95302e1 elementor-widget elementor-widget-text-editor\" data-id=\"95302e1\" data-element_type=\"widget\" data-widget_type=\"text-editor.default\">\n\t\t\t\t<div class=\"elementor-widget-container\">\n\t\t\t\t\t\t\t\t\t<p>Two ranges of amplifiers are available, depending on requirements and use:<\/p><p>- An APG DA Cloudpower range dedicated to fixed installation, comprising 3 models: DA1.4, DA2.8 and DA6.<\/p><p>- An APG DA range dedicated to live use, comprising 2 models: DA8 and DA12.<\/p>\t\t\t\t\t\t\t\t<\/div>\n\t\t\t\t<\/div>\n\t\t\t\t<section class=\"elementor-section elementor-inner-section elementor-element elementor-element-b4d258d elementor-section-full_width elementor-section-height-default elementor-section-height-default\" data-id=\"b4d258d\" data-element_type=\"section\">\n\t\t\t\t\t\t<div class=\"elementor-container elementor-column-gap-default\">\n\t\t\t\t\t<div class=\"elementor-column elementor-col-50 elementor-inner-column elementor-element elementor-element-db3335f\" data-id=\"db3335f\" data-element_type=\"column\">\n\t\t\t<div class=\"elementor-widget-wrap elementor-element-populated\">\n\t\t\t\t\t\t<div class=\"elementor-element elementor-element-3324bfa elementor-align-right elementor-mobile-align-justify elementor-widget elementor-widget-button\" data-id=\"3324bfa\" data-element_type=\"widget\" data-widget_type=\"button.default\">\n\t\t\t\t<div class=\"elementor-widget-container\">\n\t\t\t\t\t\t\t\t\t<div class=\"elementor-button-wrapper\">\n\t\t\t\t\t<a class=\"elementor-button elementor-button-link elementor-size-sm elementor-animation-shrink\" href=\"\/en\/series\/live\/\">\n\t\t\t\t\t\t<span class=\"elementor-button-content-wrapper\">\n\t\t\t\t\t\t\t\t\t<span class=\"elementor-button-text\">Live<\/span>\n\t\t\t\t\t<\/span>\n\t\t\t\t\t<\/a>\n\t\t\t\t<\/div>\n\t\t\t\t\t\t\t\t<\/div>\n\t\t\t\t<\/div>\n\t\t\t\t\t<\/div>\n\t\t<\/div>\n\t\t\t\t<div class=\"elementor-column elementor-col-50 elementor-inner-column elementor-element elementor-element-ff6b556\" data-id=\"ff6b556\" data-element_type=\"column\">\n\t\t\t<div class=\"elementor-widget-wrap elementor-element-populated\">\n\t\t\t\t\t\t<div class=\"elementor-element elementor-element-c4748f5 elementor-align-left elementor-mobile-align-justify elementor-widget elementor-widget-button\" data-id=\"c4748f5\" data-element_type=\"widget\" data-widget_type=\"button.default\">\n\t\t\t\t<div class=\"elementor-widget-container\">\n\t\t\t\t\t\t\t\t\t<div class=\"elementor-button-wrapper\">\n\t\t\t\t\t<a class=\"elementor-button elementor-button-link elementor-size-sm\" href=\"https:\/\/apg.environnement-preprod.xyz\/en\/nos-produits\/electroniques__trashed\/amplificateurs\/\">\n\t\t\t\t\t\t<span class=\"elementor-button-content-wrapper\">\n\t\t\t\t\t\t\t\t\t<span class=\"elementor-button-text\">Fixed installation<\/span>\n\t\t\t\t\t<\/span>\n\t\t\t\t\t<\/a>\n\t\t\t\t<\/div>\n\t\t\t\t\t\t\t\t<\/div>\n\t\t\t\t<\/div>\n\t\t\t\t\t<\/div>\n\t\t<\/div>\n\t\t\t\t\t<\/div>\n\t\t<\/section>\n\t\t\t\t<div class=\"elementor-element elementor-element-b3fea6f elementor-widget elementor-widget-spacer\" data-id=\"b3fea6f\" data-element_type=\"widget\" data-widget_type=\"spacer.default\">\n\t\t\t\t<div class=\"elementor-widget-container\">\n\t\t\t\t\t\t\t<div class=\"elementor-spacer\">\n\t\t\t<div class=\"elementor-spacer-inner\"><\/div>\n\t\t<\/div>\n\t\t\t\t\t\t<\/div>\n\t\t\t\t<\/div>\n\t\t\t\t\t<\/div>\n\t\t<\/div>\n\t\t\t\t\t<\/div>\n\t\t<\/section>\n\t\t\t\t<section class=\"elementor-section elementor-top-section elementor-element elementor-element-df790bd elementor-section-boxed elementor-section-height-default elementor-section-height-default\" data-id=\"df790bd\" data-element_type=\"section\">\n\t\t\t\t\t\t<div class=\"elementor-container elementor-column-gap-default\">\n\t\t\t\t\t<div class=\"elementor-column elementor-col-50 elementor-top-column elementor-element elementor-element-54dedc1\" data-id=\"54dedc1\" data-element_type=\"column\">\n\t\t\t<div class=\"elementor-widget-wrap elementor-element-populated\">\n\t\t\t\t\t\t<div class=\"elementor-element elementor-element-0027071 elementor-widget elementor-widget-heading\" data-id=\"0027071\" data-element_type=\"widget\" data-widget_type=\"heading.default\">\n\t\t\t\t<div class=\"elementor-widget-container\">\n\t\t\t\t\t<h2 class=\"elementor-heading-title elementor-size-default\">GaMMe DA CLOUDPOWER - FIXED INSTALLATION<\/h2>\t\t\t\t<\/div>\n\t\t\t\t<\/div>\n\t\t\t\t<div class=\"elementor-element elementor-element-a1a1ede elementor-widget elementor-widget-text-editor\" data-id=\"a1a1ede\" data-element_type=\"widget\" data-widget_type=\"text-editor.default\">\n\t\t\t\t<div class=\"elementor-widget-container\">\n\t\t\t\t\t\t\t\t\t<p class=\"MsoNormal\" style=\"text-align:justify\">The range of amplifiers for\nThe range of amplifiers for fixed installations consists of APG DA Cloudpower amplifiers,\nDSP amplifiers that can be controlled via the Cloud, Ethernet or their on-board WiFi Access Point.\nWiFi access point.<o:p><\/o:p><\/p><p class=\"MsoNormal\" style=\"text-align:justify\">These 4-channel amplifiers\namplifiers can be used in low impedance (Lo-Z) or high impedance (Hi-Z\n70V\/100V) with power ratings ranging from 350W per channel (DA1.4) to 1500W per channel\nchannel (DA6).<o:p><\/o:p><\/p><p>\n\n\n\n<\/p><p class=\"MsoNormal\" style=\"text-align:justify\">They have 4 analogue\nand 4 DANTE inputs.<o:p><\/o:p><\/p>\n<p><\/p>\t\t\t\t\t\t\t\t<\/div>\n\t\t\t\t<\/div>\n\t\t\t\t\t<\/div>\n\t\t<\/div>\n\t\t\t\t<div class=\"elementor-column elementor-col-50 elementor-top-column elementor-element elementor-element-674a8b8\" data-id=\"674a8b8\" data-element_type=\"column\">\n\t\t\t<div class=\"elementor-widget-wrap elementor-element-populated\">\n\t\t\t\t\t\t<div class=\"elementor-element elementor-element-1579fba elementor-widget elementor-widget-image\" data-id=\"1579fba\" data-element_type=\"widget\" data-widget_type=\"image.default\">\n\t\t\t\t<div class=\"elementor-widget-container\">\n\t\t\t\t\t\t\t\t\t\t\t\t\t\t\t<img fetchpriority=\"high\" decoding=\"async\" width=\"1080\" height=\"1080\" src=\"https:\/\/apg.environnement-preprod.xyz\/wp-content\/uploads\/2024\/12\/Sans-titre-2-1.webp\" class=\"attachment-full size-full wp-image-4895\" alt=\"\" srcset=\"https:\/\/apg.environnement-preprod.xyz\/wp-content\/uploads\/2024\/12\/Sans-titre-2-1.webp 1080w, https:\/\/apg.environnement-preprod.xyz\/wp-content\/uploads\/2024\/12\/Sans-titre-2-1-300x300.webp 300w, https:\/\/apg.environnement-preprod.xyz\/wp-content\/uploads\/2024\/12\/Sans-titre-2-1-1024x1024.webp 1024w, https:\/\/apg.environnement-preprod.xyz\/wp-content\/uploads\/2024\/12\/Sans-titre-2-1-150x150.webp 150w, https:\/\/apg.environnement-preprod.xyz\/wp-content\/uploads\/2024\/12\/Sans-titre-2-1-768x768.webp 768w\" sizes=\"(max-width: 1080px) 100vw, 1080px\" \/>\t\t\t\t\t\t\t\t\t\t\t\t\t\t\t<\/div>\n\t\t\t\t<\/div>\n\t\t\t\t\t<\/div>\n\t\t<\/div>\n\t\t\t\t\t<\/div>\n\t\t<\/section>\n\t\t\t\t<section class=\"elementor-section elementor-top-section elementor-element elementor-element-3eab9a5 elementor-section-boxed elementor-section-height-default elementor-section-height-default\" data-id=\"3eab9a5\" data-element_type=\"section\">\n\t\t\t\t\t\t<div class=\"elementor-container elementor-column-gap-default\">\n\t\t\t\t\t<div class=\"elementor-column elementor-col-100 elementor-top-column elementor-element elementor-element-b4101f1\" data-id=\"b4101f1\" data-element_type=\"column\">\n\t\t\t<div class=\"elementor-widget-wrap elementor-element-populated\">\n\t\t\t\t\t\t<div class=\"elementor-element elementor-element-8e44fe0 elementor-widget elementor-widget-heading\" data-id=\"8e44fe0\" data-element_type=\"widget\" data-widget_type=\"heading.default\">\n\t\t\t\t<div class=\"elementor-widget-container\">\n\t\t\t\t\t<h2 class=\"elementor-heading-title elementor-size-default\">Products in the range<\/h2>\t\t\t\t<\/div>\n\t\t\t\t<\/div>\n\t\t\t\t<div class=\"elementor-element elementor-element-1f3df64 elementor-grid-mobile-1 elementor-grid-4 elementor-grid-tablet-2 elementor-widget elementor-widget-loop-grid\" data-id=\"1f3df64\" data-element_type=\"widget\" data-settings=\"{&quot;template_id&quot;:&quot;995&quot;,&quot;columns_mobile&quot;:1,&quot;columns&quot;:4,&quot;_skin&quot;:&quot;post&quot;,&quot;columns_tablet&quot;:&quot;2&quot;,&quot;edit_handle_selector&quot;:&quot;[data-elementor-type=\\&quot;loop-item\\&quot;]&quot;,&quot;row_gap&quot;:{&quot;unit&quot;:&quot;px&quot;,&quot;size&quot;:&quot;&quot;,&quot;sizes&quot;:[]},&quot;row_gap_tablet&quot;:{&quot;unit&quot;:&quot;px&quot;,&quot;size&quot;:&quot;&quot;,&quot;sizes&quot;:[]},&quot;row_gap_mobile&quot;:{&quot;unit&quot;:&quot;px&quot;,&quot;size&quot;:&quot;&quot;,&quot;sizes&quot;:[]}}\" data-widget_type=\"loop-grid.post\">\n\t\t\t\t<div class=\"elementor-widget-container\">\n\t\t\t\t\t\t\t<div class=\"elementor-loop-container elementor-grid\">\n\t\t<style id=\"loop-995\">.elementor-995 .elementor-element.elementor-element-2d82561 > .elementor-element-populated, .elementor-995 .elementor-element.elementor-element-2d82561 > .elementor-element-populated > .elementor-background-overlay, .elementor-995 .elementor-element.elementor-element-2d82561 > .elementor-background-slideshow{border-radius:5px 5px 5px 5px;}.elementor-995 .elementor-element.elementor-element-2d82561 > .elementor-element-populated{box-shadow:0px 0px 4px -2px rgba(0, 0, 0, 0.63);margin:4% 4% 4% 4%;--e-column-margin-right:4%;--e-column-margin-left:4%;padding:8% 8% 8% 8%;}.elementor-widget-image .widget-image-caption{color:var( --e-global-color-text );font-family:var( --e-global-typography-text-font-family ), Sans-serif;font-size:var( --e-global-typography-text-font-size );font-weight:var( --e-global-typography-text-font-weight );text-transform:var( --e-global-typography-text-text-transform );}.elementor-widget-heading .elementor-heading-title{font-family:var( --e-global-typography-primary-font-family ), Sans-serif;font-size:var( --e-global-typography-primary-font-size );font-weight:var( --e-global-typography-primary-font-weight );text-transform:var( --e-global-typography-primary-text-transform );color:var( --e-global-color-primary );}.elementor-995 .elementor-element.elementor-element-7e5323d .elementor-heading-title{font-family:var( --e-global-typography-text-font-family ), Sans-serif;font-size:var( --e-global-typography-text-font-size );font-weight:var( --e-global-typography-text-font-weight );text-transform:var( --e-global-typography-text-text-transform );color:var( --e-global-color-primary );}.elementor-widget-text-editor{font-family:var( --e-global-typography-text-font-family ), Sans-serif;font-size:var( --e-global-typography-text-font-size );font-weight:var( --e-global-typography-text-font-weight );text-transform:var( --e-global-typography-text-text-transform );color:var( --e-global-color-text );}.elementor-widget-text-editor.elementor-drop-cap-view-stacked .elementor-drop-cap{background-color:var( --e-global-color-primary );}.elementor-widget-text-editor.elementor-drop-cap-view-framed .elementor-drop-cap, .elementor-widget-text-editor.elementor-drop-cap-view-default .elementor-drop-cap{color:var( --e-global-color-primary );border-color:var( --e-global-color-primary );}.elementor-995 .elementor-element.elementor-element-7057ea2{font-family:var( --e-global-typography-77e549c-font-family ), Sans-serif;font-size:var( --e-global-typography-77e549c-font-size );font-weight:var( --e-global-typography-77e549c-font-weight );text-transform:var( --e-global-typography-77e549c-text-transform );}@media(max-width:1024px){.elementor-widget-image .widget-image-caption{font-size:var( --e-global-typography-text-font-size );}.elementor-widget-heading .elementor-heading-title{font-size:var( --e-global-typography-primary-font-size );}.elementor-995 .elementor-element.elementor-element-7e5323d .elementor-heading-title{font-size:var( --e-global-typography-text-font-size );}.elementor-widget-text-editor{font-size:var( --e-global-typography-text-font-size );}.elementor-995 .elementor-element.elementor-element-7057ea2{font-size:var( --e-global-typography-77e549c-font-size );}}@media(max-width:767px){.elementor-995 .elementor-element.elementor-element-2d82561{width:100%;}.elementor-widget-image .widget-image-caption{font-size:var( --e-global-typography-text-font-size );}.elementor-widget-heading .elementor-heading-title{font-size:var( --e-global-typography-primary-font-size );}.elementor-995 .elementor-element.elementor-element-7e5323d .elementor-heading-title{font-size:var( --e-global-typography-text-font-size );}.elementor-widget-text-editor{font-size:var( --e-global-typography-text-font-size );}.elementor-995 .elementor-element.elementor-element-7057ea2{font-size:var( --e-global-typography-77e549c-font-size );}}<\/style>\t\t<div data-elementor-type=\"loop-item\" data-elementor-id=\"995\" class=\"elementor elementor-995 e-loop-item e-loop-item-3104 post-3104 produits type-produits status-publish has-post-thumbnail hentry\" data-elementor-post-type=\"elementor_library\" data-custom-edit-handle=\"1\">\n\t\t\t\t\t<section class=\"elementor-section elementor-top-section elementor-element elementor-element-a551a74 elementor-section-boxed elementor-section-height-default elementor-section-height-default\" data-id=\"a551a74\" data-element_type=\"section\">\n\t\t\t\t\t\t<div class=\"elementor-container elementor-column-gap-default\">\n\t\t\t\t\t<div class=\"elementor-column elementor-col-100 elementor-top-column elementor-element elementor-element-2d82561\" data-id=\"2d82561\" data-element_type=\"column\">\n\t\t\t<div class=\"elementor-widget-wrap elementor-element-populated\">\n\t\t\t\t\t\t<div class=\"elementor-element elementor-element-b9d2982 elementor-widget elementor-widget-image\" data-id=\"b9d2982\" data-element_type=\"widget\" data-widget_type=\"image.default\">\n\t\t\t\t<div class=\"elementor-widget-container\">\n\t\t\t\t\t\t\t\t\t\t\t\t\t\t\t\t<a href=\"https:\/\/apg.environnement-preprod.xyz\/en\/produits\/da1-4\/\">\n\t\t\t\t\t\t\t<img decoding=\"async\" width=\"1000\" height=\"1000\" src=\"https:\/\/apg.environnement-preprod.xyz\/wp-content\/uploads\/2024\/07\/DA.webp\" class=\"attachment-full size-full wp-image-4544\" alt=\"\" srcset=\"https:\/\/apg.environnement-preprod.xyz\/wp-content\/uploads\/2024\/07\/DA.webp 1000w, https:\/\/apg.environnement-preprod.xyz\/wp-content\/uploads\/2024\/07\/DA-300x300.webp 300w, https:\/\/apg.environnement-preprod.xyz\/wp-content\/uploads\/2024\/07\/DA-150x150.webp 150w, https:\/\/apg.environnement-preprod.xyz\/wp-content\/uploads\/2024\/07\/DA-768x768.webp 768w\" sizes=\"(max-width: 1000px) 100vw, 1000px\" \/>\t\t\t\t\t\t\t\t<\/a>\n\t\t\t\t\t\t\t\t\t\t\t\t\t\t\t<\/div>\n\t\t\t\t<\/div>\n\t\t\t\t<div class=\"elementor-element elementor-element-7e5323d elementor-widget elementor-widget-heading\" data-id=\"7e5323d\" data-element_type=\"widget\" data-widget_type=\"heading.default\">\n\t\t\t\t<div class=\"elementor-widget-container\">\n\t\t\t\t\t<h2 class=\"elementor-heading-title elementor-size-default\"><a href=\"https:\/\/apg.environnement-preprod.xyz\/en\/produits\/da1-4\/\">DA1.4<\/a><\/h2>\t\t\t\t<\/div>\n\t\t\t\t<\/div>\n\t\t\t\t<div class=\"elementor-element elementor-element-7057ea2 elementor-widget elementor-widget-text-editor\" data-id=\"7057ea2\" data-element_type=\"widget\" data-widget_type=\"text-editor.default\">\n\t\t\t\t<div class=\"elementor-widget-container\">\n\t\t\t\t\t\t\t\t\t4x 350W DSP amplifier\t\t\t\t\t\t\t\t<\/div>\n\t\t\t\t<\/div>\n\t\t\t\t\t<\/div>\n\t\t<\/div>\n\t\t\t\t\t<\/div>\n\t\t<\/section>\n\t\t\t\t<\/div>\n\t\t\t\t<div data-elementor-type=\"loop-item\" data-elementor-id=\"995\" class=\"elementor elementor-995 e-loop-item e-loop-item-3135 post-3135 produits type-produits status-publish has-post-thumbnail hentry\" data-elementor-post-type=\"elementor_library\" data-custom-edit-handle=\"1\">\n\t\t\t\t\t<section class=\"elementor-section elementor-top-section elementor-element elementor-element-a551a74 elementor-section-boxed elementor-section-height-default elementor-section-height-default\" data-id=\"a551a74\" data-element_type=\"section\">\n\t\t\t\t\t\t<div class=\"elementor-container elementor-column-gap-default\">\n\t\t\t\t\t<div class=\"elementor-column elementor-col-100 elementor-top-column elementor-element elementor-element-2d82561\" data-id=\"2d82561\" data-element_type=\"column\">\n\t\t\t<div class=\"elementor-widget-wrap elementor-element-populated\">\n\t\t\t\t\t\t<div class=\"elementor-element elementor-element-b9d2982 elementor-widget elementor-widget-image\" data-id=\"b9d2982\" data-element_type=\"widget\" data-widget_type=\"image.default\">\n\t\t\t\t<div class=\"elementor-widget-container\">\n\t\t\t\t\t\t\t\t\t\t\t\t\t\t\t\t<a href=\"https:\/\/apg.environnement-preprod.xyz\/en\/produits\/da1-2-8\/\">\n\t\t\t\t\t\t\t<img decoding=\"async\" width=\"1000\" height=\"1000\" src=\"https:\/\/apg.environnement-preprod.xyz\/wp-content\/uploads\/2024\/07\/DA.webp\" class=\"attachment-full size-full wp-image-4544\" alt=\"\" srcset=\"https:\/\/apg.environnement-preprod.xyz\/wp-content\/uploads\/2024\/07\/DA.webp 1000w, https:\/\/apg.environnement-preprod.xyz\/wp-content\/uploads\/2024\/07\/DA-300x300.webp 300w, https:\/\/apg.environnement-preprod.xyz\/wp-content\/uploads\/2024\/07\/DA-150x150.webp 150w, https:\/\/apg.environnement-preprod.xyz\/wp-content\/uploads\/2024\/07\/DA-768x768.webp 768w\" sizes=\"(max-width: 1000px) 100vw, 1000px\" \/>\t\t\t\t\t\t\t\t<\/a>\n\t\t\t\t\t\t\t\t\t\t\t\t\t\t\t<\/div>\n\t\t\t\t<\/div>\n\t\t\t\t<div class=\"elementor-element elementor-element-7e5323d elementor-widget elementor-widget-heading\" data-id=\"7e5323d\" data-element_type=\"widget\" data-widget_type=\"heading.default\">\n\t\t\t\t<div class=\"elementor-widget-container\">\n\t\t\t\t\t<h2 class=\"elementor-heading-title elementor-size-default\"><a href=\"https:\/\/apg.environnement-preprod.xyz\/en\/produits\/da1-2-8\/\">DA2.8<\/a><\/h2>\t\t\t\t<\/div>\n\t\t\t\t<\/div>\n\t\t\t\t<div class=\"elementor-element elementor-element-7057ea2 elementor-widget elementor-widget-text-editor\" data-id=\"7057ea2\" data-element_type=\"widget\" data-widget_type=\"text-editor.default\">\n\t\t\t\t<div class=\"elementor-widget-container\">\n\t\t\t\t\t\t\t\t\t4x 700W DSP amplifier \t\t\t\t\t\t\t\t<\/div>\n\t\t\t\t<\/div>\n\t\t\t\t\t<\/div>\n\t\t<\/div>\n\t\t\t\t\t<\/div>\n\t\t<\/section>\n\t\t\t\t<\/div>\n\t\t\t\t<div data-elementor-type=\"loop-item\" data-elementor-id=\"995\" class=\"elementor elementor-995 e-loop-item e-loop-item-3164 post-3164 produits type-produits status-publish has-post-thumbnail hentry\" data-elementor-post-type=\"elementor_library\" data-custom-edit-handle=\"1\">\n\t\t\t\t\t<section class=\"elementor-section elementor-top-section elementor-element elementor-element-a551a74 elementor-section-boxed elementor-section-height-default elementor-section-height-default\" data-id=\"a551a74\" data-element_type=\"section\">\n\t\t\t\t\t\t<div class=\"elementor-container elementor-column-gap-default\">\n\t\t\t\t\t<div class=\"elementor-column elementor-col-100 elementor-top-column elementor-element elementor-element-2d82561\" data-id=\"2d82561\" data-element_type=\"column\">\n\t\t\t<div class=\"elementor-widget-wrap elementor-element-populated\">\n\t\t\t\t\t\t<div class=\"elementor-element elementor-element-b9d2982 elementor-widget elementor-widget-image\" data-id=\"b9d2982\" data-element_type=\"widget\" data-widget_type=\"image.default\">\n\t\t\t\t<div class=\"elementor-widget-container\">\n\t\t\t\t\t\t\t\t\t\t\t\t\t\t\t\t<a href=\"https:\/\/apg.environnement-preprod.xyz\/en\/produits\/da6\/\">\n\t\t\t\t\t\t\t<img decoding=\"async\" width=\"1000\" height=\"1000\" src=\"https:\/\/apg.environnement-preprod.xyz\/wp-content\/uploads\/2024\/07\/DA.webp\" class=\"attachment-full size-full wp-image-4544\" alt=\"\" srcset=\"https:\/\/apg.environnement-preprod.xyz\/wp-content\/uploads\/2024\/07\/DA.webp 1000w, https:\/\/apg.environnement-preprod.xyz\/wp-content\/uploads\/2024\/07\/DA-300x300.webp 300w, https:\/\/apg.environnement-preprod.xyz\/wp-content\/uploads\/2024\/07\/DA-150x150.webp 150w, https:\/\/apg.environnement-preprod.xyz\/wp-content\/uploads\/2024\/07\/DA-768x768.webp 768w\" sizes=\"(max-width: 1000px) 100vw, 1000px\" \/>\t\t\t\t\t\t\t\t<\/a>\n\t\t\t\t\t\t\t\t\t\t\t\t\t\t\t<\/div>\n\t\t\t\t<\/div>\n\t\t\t\t<div class=\"elementor-element elementor-element-7e5323d elementor-widget elementor-widget-heading\" data-id=\"7e5323d\" data-element_type=\"widget\" data-widget_type=\"heading.default\">\n\t\t\t\t<div class=\"elementor-widget-container\">\n\t\t\t\t\t<h2 class=\"elementor-heading-title elementor-size-default\"><a href=\"https:\/\/apg.environnement-preprod.xyz\/en\/produits\/da6\/\">DA6<\/a><\/h2>\t\t\t\t<\/div>\n\t\t\t\t<\/div>\n\t\t\t\t<div class=\"elementor-element elementor-element-7057ea2 elementor-widget elementor-widget-text-editor\" data-id=\"7057ea2\" data-element_type=\"widget\" data-widget_type=\"text-editor.default\">\n\t\t\t\t<div class=\"elementor-widget-container\">\n\t\t\t\t\t\t\t\t\t4x 1500W DSP amplifier \t\t\t\t\t\t\t\t<\/div>\n\t\t\t\t<\/div>\n\t\t\t\t\t<\/div>\n\t\t<\/div>\n\t\t\t\t\t<\/div>\n\t\t<\/section>\n\t\t\t\t<\/div>\n\t\t\t\t<\/div>\n\t\t\n\t\t\t\t\t\t<\/div>\n\t\t\t\t<\/div>\n\t\t\t\t\t<\/div>\n\t\t<\/div>\n\t\t\t\t\t<\/div>\n\t\t<\/section>\n\t\t\t\t<\/div>","protected":false},"excerpt":{"rendered":"<p>Amplificateurs Deux gammes d&rsquo;amplificateurs sont disponibles suivant les besoins et leur utilisation : &#8211; Une gamme APG DA Cloudpower dedi\u00e9e \u00e0 l&rsquo;installation fixe qui est compos\u00e9e de 3 mod\u00e8les : DA1.4 et DA2.8 et DA6. &#8211; Une gamme APG DA dedi\u00e9e aux live qui est compos\u00e9e de 2 mod\u00e8les : DA8 et DA12. Live Installation [&hellip;]<\/p>","protected":false},"author":2,"featured_media":4895,"parent":84,"menu_order":0,"comment_status":"closed","ping_status":"closed","template":"elementor_header_footer","meta":{"inline_featured_image":false,"footnotes":""},"class_list":["post-5837","page","type-page","status-publish","has-post-thumbnail","hentry"],"_links":{"self":[{"href":"https:\/\/apg.environnement-preprod.xyz\/en\/wp-json\/wp\/v2\/pages\/5837","targetHints":{"allow":["GET"]}}],"collection":[{"href":"https:\/\/apg.environnement-preprod.xyz\/en\/wp-json\/wp\/v2\/pages"}],"about":[{"href":"https:\/\/apg.environnement-preprod.xyz\/en\/wp-json\/wp\/v2\/types\/page"}],"author":[{"embeddable":true,"href":"https:\/\/apg.environnement-preprod.xyz\/en\/wp-json\/wp\/v2\/users\/2"}],"replies":[{"embeddable":true,"href":"https:\/\/apg.environnement-preprod.xyz\/en\/wp-json\/wp\/v2\/comments?post=5837"}],"version-history":[{"count":65,"href":"https:\/\/apg.environnement-preprod.xyz\/en\/wp-json\/wp\/v2\/pages\/5837\/revisions"}],"predecessor-version":[{"id":10763,"href":"https:\/\/apg.environnement-preprod.xyz\/en\/wp-json\/wp\/v2\/pages\/5837\/revisions\/10763"}],"up":[{"embeddable":true,"href":"https:\/\/apg.environnement-preprod.xyz\/en\/wp-json\/wp\/v2\/pages\/84"}],"wp:featuredmedia":[{"embeddable":true,"href":"https:\/\/apg.environnement-preprod.xyz\/en\/wp-json\/wp\/v2\/media\/4895"}],"wp:attachment":[{"href":"https:\/\/apg.environnement-preprod.xyz\/en\/wp-json\/wp\/v2\/media?parent=5837"}],"curies":[{"name":"wp","href":"https:\/\/api.w.org\/{rel}","templated":true}]}}