{"id":69,"date":"2024-06-18T11:28:20","date_gmt":"2024-06-18T09:28:20","guid":{"rendered":"https:\/\/apg.environnement-preprod.xyz\/?page_id=69"},"modified":"2025-03-18T11:59:40","modified_gmt":"2025-03-18T10:59:40","slug":"line-aray","status":"publish","type":"page","link":"https:\/\/apg.environnement-preprod.xyz\/en\/nos-produits\/enceintes\/line-aray\/","title":{"rendered":"Line Array"},"content":{"rendered":"<div data-elementor-type=\"wp-page\" data-elementor-id=\"69\" class=\"elementor elementor-69\" data-elementor-post-type=\"page\">\n\t\t\t\t\t\t<section class=\"elementor-section elementor-top-section elementor-element elementor-element-31624c7d elementor-section-height-min-height elementor-section-boxed elementor-section-height-default elementor-section-items-middle\" data-id=\"31624c7d\" data-element_type=\"section\" data-settings=\"{&quot;background_background&quot;:&quot;classic&quot;}\">\n\t\t\t\t\t\t\t<div class=\"elementor-background-overlay\"><\/div>\n\t\t\t\t\t\t\t<div class=\"elementor-container elementor-column-gap-default\">\n\t\t\t\t\t<div class=\"elementor-column elementor-col-100 elementor-top-column elementor-element elementor-element-21665f09\" data-id=\"21665f09\" data-element_type=\"column\">\n\t\t\t<div class=\"elementor-widget-wrap elementor-element-populated\">\n\t\t\t\t\t\t<div class=\"elementor-element elementor-element-268078d7 elementor-widget elementor-widget-spacer\" data-id=\"268078d7\" data-element_type=\"widget\" data-widget_type=\"spacer.default\">\n\t\t\t\t<div class=\"elementor-widget-container\">\n\t\t\t\t\t\t\t<div class=\"elementor-spacer\">\n\t\t\t<div class=\"elementor-spacer-inner\"><\/div>\n\t\t<\/div>\n\t\t\t\t\t\t<\/div>\n\t\t\t\t<\/div>\n\t\t\t\t<div class=\"elementor-element elementor-element-5afde7ee elementor-widget elementor-widget-heading\" data-id=\"5afde7ee\" data-element_type=\"widget\" data-widget_type=\"heading.default\">\n\t\t\t\t<div class=\"elementor-widget-container\">\n\t\t\t\t\t<h2 class=\"elementor-heading-title elementor-size-default\">Line Array<\/h2>\t\t\t\t<\/div>\n\t\t\t\t<\/div>\n\t\t\t\t<div class=\"elementor-element elementor-element-4c4b686 elementor-widget elementor-widget-text-editor\" data-id=\"4c4b686\" data-element_type=\"widget\" data-widget_type=\"text-editor.default\">\n\t\t\t\t<div class=\"elementor-widget-container\">\n\t\t\t\t\t\t\t\t\t<p>APG approached the problem of fa\u00e7ade diffusion by distinguishing between the characteristics specific to different types of location and different types of application.<\/p><p>The UNILINE is based on the Modular Line Array concept invented by APG in 2009.<\/p>\t\t\t\t\t\t\t\t<\/div>\n\t\t\t\t<\/div>\n\t\t\t\t<section class=\"elementor-section elementor-inner-section elementor-element elementor-element-7297fb9 elementor-section-full_width elementor-section-height-default elementor-section-height-default\" data-id=\"7297fb9\" data-element_type=\"section\">\n\t\t\t\t\t\t<div class=\"elementor-container elementor-column-gap-default\">\n\t\t\t\t\t<div class=\"elementor-column elementor-col-50 elementor-inner-column elementor-element elementor-element-a0ffb75\" data-id=\"a0ffb75\" data-element_type=\"column\">\n\t\t\t<div class=\"elementor-widget-wrap elementor-element-populated\">\n\t\t\t\t\t\t<div class=\"elementor-element elementor-element-031cb46 elementor-align-right elementor-mobile-align-justify elementor-widget elementor-widget-button\" data-id=\"031cb46\" data-element_type=\"widget\" data-widget_type=\"button.default\">\n\t\t\t\t<div class=\"elementor-widget-container\">\n\t\t\t\t\t\t\t\t\t<div class=\"elementor-button-wrapper\">\n\t\t\t\t\t<a class=\"elementor-button elementor-button-link elementor-size-sm elementor-animation-shrink\" href=\"\/en\/series\/unline-max\/\">\n\t\t\t\t\t\t<span class=\"elementor-button-content-wrapper\">\n\t\t\t\t\t\t\t\t\t<span class=\"elementor-button-text\">UNILINE MAX<\/span>\n\t\t\t\t\t<\/span>\n\t\t\t\t\t<\/a>\n\t\t\t\t<\/div>\n\t\t\t\t\t\t\t\t<\/div>\n\t\t\t\t<\/div>\n\t\t\t\t\t<\/div>\n\t\t<\/div>\n\t\t\t\t<div class=\"elementor-column elementor-col-50 elementor-inner-column elementor-element elementor-element-648899e\" data-id=\"648899e\" data-element_type=\"column\">\n\t\t\t<div class=\"elementor-widget-wrap elementor-element-populated\">\n\t\t\t\t\t\t<div class=\"elementor-element elementor-element-d817c12 elementor-align-left elementor-mobile-align-justify elementor-widget elementor-widget-button\" data-id=\"d817c12\" data-element_type=\"widget\" data-widget_type=\"button.default\">\n\t\t\t\t<div class=\"elementor-widget-container\">\n\t\t\t\t\t\t\t\t\t<div class=\"elementor-button-wrapper\">\n\t\t\t\t\t<a class=\"elementor-button elementor-button-link elementor-size-sm elementor-animation-shrink\" href=\"\/en\/series\/uniline-compact\/\">\n\t\t\t\t\t\t<span class=\"elementor-button-content-wrapper\">\n\t\t\t\t\t\t\t\t\t<span class=\"elementor-button-text\">UNILINE Compact<\/span>\n\t\t\t\t\t<\/span>\n\t\t\t\t\t<\/a>\n\t\t\t\t<\/div>\n\t\t\t\t\t\t\t\t<\/div>\n\t\t\t\t<\/div>\n\t\t\t\t\t<\/div>\n\t\t<\/div>\n\t\t\t\t\t<\/div>\n\t\t<\/section>\n\t\t\t\t<div class=\"elementor-element elementor-element-c423701 elementor-widget elementor-widget-spacer\" data-id=\"c423701\" data-element_type=\"widget\" data-widget_type=\"spacer.default\">\n\t\t\t\t<div class=\"elementor-widget-container\">\n\t\t\t\t\t\t\t<div class=\"elementor-spacer\">\n\t\t\t<div class=\"elementor-spacer-inner\"><\/div>\n\t\t<\/div>\n\t\t\t\t\t\t<\/div>\n\t\t\t\t<\/div>\n\t\t\t\t\t<\/div>\n\t\t<\/div>\n\t\t\t\t\t<\/div>\n\t\t<\/section>\n\t\t\t\t<section class=\"elementor-section elementor-top-section elementor-element elementor-element-5e8683f elementor-section-boxed elementor-section-height-default elementor-section-height-default\" data-id=\"5e8683f\" data-element_type=\"section\">\n\t\t\t\t\t\t<div class=\"elementor-container elementor-column-gap-default\">\n\t\t\t\t\t<div class=\"elementor-column elementor-col-50 elementor-top-column elementor-element elementor-element-28cd422\" data-id=\"28cd422\" data-element_type=\"column\">\n\t\t\t<div class=\"elementor-widget-wrap elementor-element-populated\">\n\t\t\t\t\t\t<div class=\"elementor-element elementor-element-c3dda36 elementor-widget elementor-widget-heading\" data-id=\"c3dda36\" data-element_type=\"widget\" data-widget_type=\"heading.default\">\n\t\t\t\t<div class=\"elementor-widget-container\">\n\t\t\t\t\t<h2 class=\"elementor-heading-title elementor-size-default\">Uniline MAX<\/h2>\t\t\t\t<\/div>\n\t\t\t\t<\/div>\n\t\t\t\t<div class=\"elementor-element elementor-element-b5fe3cb elementor-widget elementor-widget-text-editor\" data-id=\"b5fe3cb\" data-element_type=\"widget\" data-widget_type=\"text-editor.default\">\n\t\t\t\t<div class=\"elementor-widget-container\">\n\t\t\t\t\t\t\t\t\t<p class=\"MsoNormal\">The new UNILINE MAX\nUNILINE MAX line array system has been designed to provide sound reinforcement for concerts and events\nand outdoor events for up to 10,000 people. Its\nacoustic design is based on APG's 40 years of experience in diffraction treatment and coaxial\nin diffraction processing and coaxial mounting, providing a powerful and\nvoice and music.<o:p><\/o:p><\/p><p class=\"MsoNormal\">With the UNILINE MAX, APG is bringing\nan ergonomic system designed for easy handling in all configurations.\nin all configurations.<o:p><\/o:p><\/p><p style=\"text-align: start;\">\n\n\n\n<\/p><p class=\"MsoNormal\">The integrated suspension system\nof each speaker allows traditional tension mounting, as well as compression mounting and stacking.\ncompression mounting and stacking. The ergonomic design of the system\nmakes it suitable for all types of stage and hall architecture.<o:p><\/o:p><\/p>\t\t\t\t\t\t\t\t<\/div>\n\t\t\t\t<\/div>\n\t\t\t\t\t<\/div>\n\t\t<\/div>\n\t\t\t\t<div class=\"elementor-column elementor-col-50 elementor-top-column elementor-element elementor-element-767fef5\" data-id=\"767fef5\" data-element_type=\"column\">\n\t\t\t<div class=\"elementor-widget-wrap elementor-element-populated\">\n\t\t\t\t\t\t<div class=\"elementor-element elementor-element-f29dc3d elementor-widget__width-initial elementor-widget elementor-widget-image\" data-id=\"f29dc3d\" data-element_type=\"widget\" data-widget_type=\"image.default\">\n\t\t\t\t<div class=\"elementor-widget-container\">\n\t\t\t\t\t\t\t\t\t\t\t\t\t\t\t<img fetchpriority=\"high\" decoding=\"async\" width=\"1273\" height=\"1920\" src=\"https:\/\/apg.environnement-preprod.xyz\/wp-content\/uploads\/2025\/02\/uniline.webp\" class=\"attachment-full size-full wp-image-8413\" alt=\"\" srcset=\"https:\/\/apg.environnement-preprod.xyz\/wp-content\/uploads\/2025\/02\/uniline.webp 1273w, https:\/\/apg.environnement-preprod.xyz\/wp-content\/uploads\/2025\/02\/uniline-199x300.webp 199w, https:\/\/apg.environnement-preprod.xyz\/wp-content\/uploads\/2025\/02\/uniline-679x1024.webp 679w, https:\/\/apg.environnement-preprod.xyz\/wp-content\/uploads\/2025\/02\/uniline-768x1158.webp 768w, https:\/\/apg.environnement-preprod.xyz\/wp-content\/uploads\/2025\/02\/uniline-1018x1536.webp 1018w\" sizes=\"(max-width: 1273px) 100vw, 1273px\" \/>\t\t\t\t\t\t\t\t\t\t\t\t\t\t\t<\/div>\n\t\t\t\t<\/div>\n\t\t\t\t\t<\/div>\n\t\t<\/div>\n\t\t\t\t\t<\/div>\n\t\t<\/section>\n\t\t\t\t<section class=\"elementor-section elementor-top-section elementor-element elementor-element-4e21581 elementor-section-boxed elementor-section-height-default elementor-section-height-default\" data-id=\"4e21581\" data-element_type=\"section\">\n\t\t\t\t\t\t<div class=\"elementor-container elementor-column-gap-default\">\n\t\t\t\t\t<div class=\"elementor-column elementor-col-100 elementor-top-column elementor-element elementor-element-3865d198\" data-id=\"3865d198\" data-element_type=\"column\">\n\t\t\t<div class=\"elementor-widget-wrap elementor-element-populated\">\n\t\t\t\t\t\t<div class=\"elementor-element elementor-element-28847ca elementor-widget elementor-widget-heading\" data-id=\"28847ca\" data-element_type=\"widget\" data-widget_type=\"heading.default\">\n\t\t\t\t<div class=\"elementor-widget-container\">\n\t\t\t\t\t<h2 class=\"elementor-heading-title elementor-size-default\">Products in the range<\/h2>\t\t\t\t<\/div>\n\t\t\t\t<\/div>\n\t\t\t\t<div class=\"elementor-element elementor-element-2016df0 elementor-grid-mobile-1 elementor-grid-4 elementor-grid-tablet-2 elementor-widget elementor-widget-loop-grid\" data-id=\"2016df0\" data-element_type=\"widget\" data-settings=\"{&quot;template_id&quot;:&quot;995&quot;,&quot;columns_mobile&quot;:1,&quot;columns&quot;:4,&quot;_skin&quot;:&quot;post&quot;,&quot;columns_tablet&quot;:&quot;2&quot;,&quot;edit_handle_selector&quot;:&quot;[data-elementor-type=\\&quot;loop-item\\&quot;]&quot;,&quot;row_gap&quot;:{&quot;unit&quot;:&quot;px&quot;,&quot;size&quot;:&quot;&quot;,&quot;sizes&quot;:[]},&quot;row_gap_tablet&quot;:{&quot;unit&quot;:&quot;px&quot;,&quot;size&quot;:&quot;&quot;,&quot;sizes&quot;:[]},&quot;row_gap_mobile&quot;:{&quot;unit&quot;:&quot;px&quot;,&quot;size&quot;:&quot;&quot;,&quot;sizes&quot;:[]}}\" data-widget_type=\"loop-grid.post\">\n\t\t\t\t<div class=\"elementor-widget-container\">\n\t\t\t\t\t\t\t<div class=\"elementor-loop-container elementor-grid\">\n\t\t<style id=\"loop-995\">.elementor-995 .elementor-element.elementor-element-2d82561 > .elementor-element-populated, .elementor-995 .elementor-element.elementor-element-2d82561 > .elementor-element-populated > .elementor-background-overlay, .elementor-995 .elementor-element.elementor-element-2d82561 > .elementor-background-slideshow{border-radius:5px 5px 5px 5px;}.elementor-995 .elementor-element.elementor-element-2d82561 > .elementor-element-populated{box-shadow:0px 0px 4px -2px rgba(0, 0, 0, 0.63);margin:4% 4% 4% 4%;--e-column-margin-right:4%;--e-column-margin-left:4%;padding:8% 8% 8% 8%;}.elementor-widget-image .widget-image-caption{color:var( --e-global-color-text );font-family:var( --e-global-typography-text-font-family ), Sans-serif;font-size:var( --e-global-typography-text-font-size );font-weight:var( --e-global-typography-text-font-weight );text-transform:var( --e-global-typography-text-text-transform );}.elementor-widget-heading .elementor-heading-title{font-family:var( --e-global-typography-primary-font-family ), Sans-serif;font-size:var( --e-global-typography-primary-font-size );font-weight:var( --e-global-typography-primary-font-weight );text-transform:var( --e-global-typography-primary-text-transform );color:var( --e-global-color-primary );}.elementor-995 .elementor-element.elementor-element-7e5323d .elementor-heading-title{font-family:var( --e-global-typography-text-font-family ), Sans-serif;font-size:var( --e-global-typography-text-font-size );font-weight:var( --e-global-typography-text-font-weight );text-transform:var( --e-global-typography-text-text-transform );color:var( --e-global-color-primary );}.elementor-widget-text-editor{font-family:var( --e-global-typography-text-font-family ), Sans-serif;font-size:var( --e-global-typography-text-font-size );font-weight:var( --e-global-typography-text-font-weight );text-transform:var( --e-global-typography-text-text-transform );color:var( --e-global-color-text );}.elementor-widget-text-editor.elementor-drop-cap-view-stacked .elementor-drop-cap{background-color:var( --e-global-color-primary );}.elementor-widget-text-editor.elementor-drop-cap-view-framed .elementor-drop-cap, .elementor-widget-text-editor.elementor-drop-cap-view-default .elementor-drop-cap{color:var( --e-global-color-primary );border-color:var( --e-global-color-primary );}.elementor-995 .elementor-element.elementor-element-7057ea2{font-family:var( --e-global-typography-77e549c-font-family ), Sans-serif;font-size:var( --e-global-typography-77e549c-font-size );font-weight:var( --e-global-typography-77e549c-font-weight );text-transform:var( --e-global-typography-77e549c-text-transform );}@media(max-width:1024px){.elementor-widget-image .widget-image-caption{font-size:var( --e-global-typography-text-font-size );}.elementor-widget-heading .elementor-heading-title{font-size:var( --e-global-typography-primary-font-size );}.elementor-995 .elementor-element.elementor-element-7e5323d .elementor-heading-title{font-size:var( --e-global-typography-text-font-size );}.elementor-widget-text-editor{font-size:var( --e-global-typography-text-font-size );}.elementor-995 .elementor-element.elementor-element-7057ea2{font-size:var( --e-global-typography-77e549c-font-size );}}@media(max-width:767px){.elementor-995 .elementor-element.elementor-element-2d82561{width:100%;}.elementor-widget-image .widget-image-caption{font-size:var( --e-global-typography-text-font-size );}.elementor-widget-heading .elementor-heading-title{font-size:var( --e-global-typography-primary-font-size );}.elementor-995 .elementor-element.elementor-element-7e5323d .elementor-heading-title{font-size:var( --e-global-typography-text-font-size );}.elementor-widget-text-editor{font-size:var( --e-global-typography-text-font-size );}.elementor-995 .elementor-element.elementor-element-7057ea2{font-size:var( --e-global-typography-77e549c-font-size );}}<\/style>\t\t<div data-elementor-type=\"loop-item\" data-elementor-id=\"995\" class=\"elementor elementor-995 e-loop-item e-loop-item-6684 post-6684 produits type-produits status-publish has-post-thumbnail hentry\" data-elementor-post-type=\"elementor_library\" data-custom-edit-handle=\"1\">\n\t\t\t\t\t<section class=\"elementor-section elementor-top-section elementor-element elementor-element-a551a74 elementor-section-boxed elementor-section-height-default elementor-section-height-default\" data-id=\"a551a74\" data-element_type=\"section\">\n\t\t\t\t\t\t<div class=\"elementor-container elementor-column-gap-default\">\n\t\t\t\t\t<div class=\"elementor-column elementor-col-100 elementor-top-column elementor-element elementor-element-2d82561\" data-id=\"2d82561\" data-element_type=\"column\">\n\t\t\t<div class=\"elementor-widget-wrap elementor-element-populated\">\n\t\t\t\t\t\t<div class=\"elementor-element elementor-element-b9d2982 elementor-widget elementor-widget-image\" data-id=\"b9d2982\" data-element_type=\"widget\" data-widget_type=\"image.default\">\n\t\t\t\t<div class=\"elementor-widget-container\">\n\t\t\t\t\t\t\t\t\t\t\t\t\t\t\t\t<a href=\"https:\/\/apg.environnement-preprod.xyz\/en\/produits\/um210\/\">\n\t\t\t\t\t\t\t<img decoding=\"async\" width=\"1000\" height=\"1000\" src=\"https:\/\/apg.environnement-preprod.xyz\/wp-content\/uploads\/2025\/01\/4.webp\" class=\"attachment-full size-full wp-image-6692\" alt=\"\" srcset=\"https:\/\/apg.environnement-preprod.xyz\/wp-content\/uploads\/2025\/01\/4.webp 1000w, https:\/\/apg.environnement-preprod.xyz\/wp-content\/uploads\/2025\/01\/4-300x300.webp 300w, https:\/\/apg.environnement-preprod.xyz\/wp-content\/uploads\/2025\/01\/4-150x150.webp 150w, https:\/\/apg.environnement-preprod.xyz\/wp-content\/uploads\/2025\/01\/4-768x768.webp 768w\" sizes=\"(max-width: 1000px) 100vw, 1000px\" \/>\t\t\t\t\t\t\t\t<\/a>\n\t\t\t\t\t\t\t\t\t\t\t\t\t\t\t<\/div>\n\t\t\t\t<\/div>\n\t\t\t\t<div class=\"elementor-element elementor-element-7e5323d elementor-widget elementor-widget-heading\" data-id=\"7e5323d\" data-element_type=\"widget\" data-widget_type=\"heading.default\">\n\t\t\t\t<div class=\"elementor-widget-container\">\n\t\t\t\t\t<h2 class=\"elementor-heading-title elementor-size-default\"><a href=\"https:\/\/apg.environnement-preprod.xyz\/en\/produits\/um210\/\">UM210<\/a><\/h2>\t\t\t\t<\/div>\n\t\t\t\t<\/div>\n\t\t\t\t<div class=\"elementor-element elementor-element-7057ea2 elementor-widget elementor-widget-text-editor\" data-id=\"7057ea2\" data-element_type=\"widget\" data-widget_type=\"text-editor.default\">\n\t\t\t\t<div class=\"elementor-widget-container\">\n\t\t\t\t\t\t\t\t\tLine array speaker\t\t\t\t\t\t\t\t<\/div>\n\t\t\t\t<\/div>\n\t\t\t\t\t<\/div>\n\t\t<\/div>\n\t\t\t\t\t<\/div>\n\t\t<\/section>\n\t\t\t\t<\/div>\n\t\t\t\t<div data-elementor-type=\"loop-item\" data-elementor-id=\"995\" class=\"elementor elementor-995 e-loop-item e-loop-item-6730 post-6730 produits type-produits status-publish has-post-thumbnail hentry\" data-elementor-post-type=\"elementor_library\" data-custom-edit-handle=\"1\">\n\t\t\t\t\t<section class=\"elementor-section elementor-top-section elementor-element elementor-element-a551a74 elementor-section-boxed elementor-section-height-default elementor-section-height-default\" data-id=\"a551a74\" data-element_type=\"section\">\n\t\t\t\t\t\t<div class=\"elementor-container elementor-column-gap-default\">\n\t\t\t\t\t<div class=\"elementor-column elementor-col-100 elementor-top-column elementor-element elementor-element-2d82561\" data-id=\"2d82561\" data-element_type=\"column\">\n\t\t\t<div class=\"elementor-widget-wrap elementor-element-populated\">\n\t\t\t\t\t\t<div class=\"elementor-element elementor-element-b9d2982 elementor-widget elementor-widget-image\" data-id=\"b9d2982\" data-element_type=\"widget\" data-widget_type=\"image.default\">\n\t\t\t\t<div class=\"elementor-widget-container\">\n\t\t\t\t\t\t\t\t\t\t\t\t\t\t\t\t<a href=\"https:\/\/apg.environnement-preprod.xyz\/en\/produits\/um121\/\">\n\t\t\t\t\t\t\t<img decoding=\"async\" width=\"1000\" height=\"1000\" src=\"https:\/\/apg.environnement-preprod.xyz\/wp-content\/uploads\/2025\/01\/yo.webp\" class=\"attachment-full size-full wp-image-6598\" alt=\"\" srcset=\"https:\/\/apg.environnement-preprod.xyz\/wp-content\/uploads\/2025\/01\/yo.webp 1000w, https:\/\/apg.environnement-preprod.xyz\/wp-content\/uploads\/2025\/01\/yo-300x300.webp 300w, https:\/\/apg.environnement-preprod.xyz\/wp-content\/uploads\/2025\/01\/yo-150x150.webp 150w, https:\/\/apg.environnement-preprod.xyz\/wp-content\/uploads\/2025\/01\/yo-768x768.png 768w\" sizes=\"(max-width: 1000px) 100vw, 1000px\" \/>\t\t\t\t\t\t\t\t<\/a>\n\t\t\t\t\t\t\t\t\t\t\t\t\t\t\t<\/div>\n\t\t\t\t<\/div>\n\t\t\t\t<div class=\"elementor-element elementor-element-7e5323d elementor-widget elementor-widget-heading\" data-id=\"7e5323d\" data-element_type=\"widget\" data-widget_type=\"heading.default\">\n\t\t\t\t<div class=\"elementor-widget-container\">\n\t\t\t\t\t<h2 class=\"elementor-heading-title elementor-size-default\"><a href=\"https:\/\/apg.environnement-preprod.xyz\/en\/produits\/um121\/\">UM121<\/a><\/h2>\t\t\t\t<\/div>\n\t\t\t\t<\/div>\n\t\t\t\t<div class=\"elementor-element elementor-element-7057ea2 elementor-widget elementor-widget-text-editor\" data-id=\"7057ea2\" data-element_type=\"widget\" data-widget_type=\"text-editor.default\">\n\t\t\t\t<div class=\"elementor-widget-container\">\n\t\t\t\t\t\t\t\t\tSubwoofer speaker\t\t\t\t\t\t\t\t<\/div>\n\t\t\t\t<\/div>\n\t\t\t\t\t<\/div>\n\t\t<\/div>\n\t\t\t\t\t<\/div>\n\t\t<\/section>\n\t\t\t\t<\/div>\n\t\t\t\t<\/div>\n\t\t\n\t\t\t\t\t\t<\/div>\n\t\t\t\t<\/div>\n\t\t\t\t\t<\/div>\n\t\t<\/div>\n\t\t\t\t\t<\/div>\n\t\t<\/section>\n\t\t\t\t<\/div>","protected":false},"excerpt":{"rendered":"<p>APG a abord\u00e9 la probl\u00e9matique de la diffusion de fa\u00e7ade en distinguant les caract\u00e9ristiques propres aux diff\u00e9rents types de lieux et aux diff\u00e9rents types d\u2019applications. L&rsquo;UNILINE repose sur le concept de Line Array Modulaire invent\u00e9 par APG en 2009. UNILINE MAX UNILINE Compact Uniline MAX Le nouveau syst\u00e8me line array UNILINE MAX a \u00e9t\u00e9 con\u00e7u [&hellip;]<\/p>","protected":false},"author":1,"featured_media":2511,"parent":6404,"menu_order":0,"comment_status":"closed","ping_status":"closed","template":"elementor_header_footer","meta":{"inline_featured_image":false,"footnotes":""},"class_list":["post-69","page","type-page","status-publish","has-post-thumbnail","hentry"],"_links":{"self":[{"href":"https:\/\/apg.environnement-preprod.xyz\/en\/wp-json\/wp\/v2\/pages\/69","targetHints":{"allow":["GET"]}}],"collection":[{"href":"https:\/\/apg.environnement-preprod.xyz\/en\/wp-json\/wp\/v2\/pages"}],"about":[{"href":"https:\/\/apg.environnement-preprod.xyz\/en\/wp-json\/wp\/v2\/types\/page"}],"author":[{"embeddable":true,"href":"https:\/\/apg.environnement-preprod.xyz\/en\/wp-json\/wp\/v2\/users\/1"}],"replies":[{"embeddable":true,"href":"https:\/\/apg.environnement-preprod.xyz\/en\/wp-json\/wp\/v2\/comments?post=69"}],"version-history":[{"count":188,"href":"https:\/\/apg.environnement-preprod.xyz\/en\/wp-json\/wp\/v2\/pages\/69\/revisions"}],"predecessor-version":[{"id":10045,"href":"https:\/\/apg.environnement-preprod.xyz\/en\/wp-json\/wp\/v2\/pages\/69\/revisions\/10045"}],"up":[{"embeddable":true,"href":"https:\/\/apg.environnement-preprod.xyz\/en\/wp-json\/wp\/v2\/pages\/6404"}],"wp:featuredmedia":[{"embeddable":true,"href":"https:\/\/apg.environnement-preprod.xyz\/en\/wp-json\/wp\/v2\/media\/2511"}],"wp:attachment":[{"href":"https:\/\/apg.environnement-preprod.xyz\/en\/wp-json\/wp\/v2\/media?parent=69"}],"curies":[{"name":"wp","href":"https:\/\/api.w.org\/{rel}","templated":true}]}}